{"id":1589,"date":"2023-08-10T10:43:45","date_gmt":"2023-08-10T09:43:45","guid":{"rendered":"https:\/\/ocubertocarnota.com\/?page_id=1589"},"modified":"2023-08-10T11:00:19","modified_gmt":"2023-08-10T10:00:19","slug":"nosotros","status":"publish","type":"page","link":"https:\/\/ocubertocarnota.com\/en\/nosotros\/","title":{"rendered":"Nosotros"},"content":{"rendered":"<div data-elementor-type=\"wp-page\" data-elementor-id=\"1589\" class=\"elementor elementor-1589\">\n\t\t\t\t\t\t<div class=\"elementor-inner\">\n\t\t\t\t<div class=\"elementor-section-wrap\">\n\t\t\t\t\t\t\t\t\t<header class=\"elementor-section elementor-top-section elementor-element elementor-element-711b2412 elementor-section-height-min-height elementor-section-boxed elementor-section-height-default elementor-section-items-middle\" data-id=\"711b2412\" data-element_type=\"section\" data-settings=\"{&quot;background_background&quot;:&quot;classic&quot;}\">\n\t\t\t\t\t\t\t<div class=\"elementor-background-overlay\"><\/div>\n\t\t\t\t\t\t\t<div class=\"elementor-container elementor-column-gap-default\">\n\t\t\t\t\t\t\t<div class=\"elementor-row\">\n\t\t\t\t\t<div class=\"elementor-column elementor-col-100 elementor-top-column elementor-element elementor-element-6d340a86\" data-id=\"6d340a86\" data-element_type=\"column\">\n\t\t\t<div class=\"elementor-column-wrap elementor-element-populated\">\n\t\t\t\t\t\t\t<div class=\"elementor-widget-wrap\">\n\t\t\t\t\t\t<div class=\"elementor-element elementor-element-f5235f2 elementor-widget elementor-widget-spacer\" data-id=\"f5235f2\" data-element_type=\"widget\" data-widget_type=\"spacer.default\">\n\t\t\t\t<div class=\"elementor-widget-container\">\n\t\t\t<style>\/*! elementor - v3.16.0 - 14-09-2023 *\/\n.elementor-column .elementor-spacer-inner{height:var(--spacer-size)}.e-con{--container-widget-width:100%}.e-con-inner>.elementor-widget-spacer,.e-con>.elementor-widget-spacer{width:var(--container-widget-width,var(--spacer-size));--align-self:var(--container-widget-align-self,initial);--flex-shrink:0}.e-con-inner>.elementor-widget-spacer>.elementor-widget-container,.e-con>.elementor-widget-spacer>.elementor-widget-container{height:100%;width:100%}.e-con-inner>.elementor-widget-spacer>.elementor-widget-container>.elementor-spacer,.e-con>.elementor-widget-spacer>.elementor-widget-container>.elementor-spacer{height:100%}.e-con-inner>.elementor-widget-spacer>.elementor-widget-container>.elementor-spacer>.elementor-spacer-inner,.e-con>.elementor-widget-spacer>.elementor-widget-container>.elementor-spacer>.elementor-spacer-inner{height:var(--container-widget-height,var(--spacer-size))}.e-con-inner>.elementor-widget-spacer.elementor-widget-empty,.e-con>.elementor-widget-spacer.elementor-widget-empty{position:relative;min-height:22px;min-width:22px}.e-con-inner>.elementor-widget-spacer.elementor-widget-empty .elementor-widget-empty-icon,.e-con>.elementor-widget-spacer.elementor-widget-empty .elementor-widget-empty-icon{position:absolute;top:0;bottom:0;left:0;right:0;margin:auto;padding:0;width:22px;height:22px}<\/style>\t\t<div class=\"elementor-spacer\">\n\t\t\t<div class=\"elementor-spacer-inner\"><\/div>\n\t\t<\/div>\n\t\t\t\t<\/div>\n\t\t\t\t<\/div>\n\t\t\t\t<div class=\"elementor-element elementor-element-416e9d2 elementor-view-default elementor-position-top elementor-widget elementor-widget-themo-header\" data-id=\"416e9d2\" data-element_type=\"widget\" data-widget_type=\"themo-header.default\">\n\t\t\t\t<div class=\"elementor-widget-container\">\n\t\t\t\t\t<div class=\"th-header-wrap\">\n        <div class=\"elementor-icon-box-wrapper\">\n                            <div class=\"elementor-icon-box-content\">\n                    <h1 class=\"elementor-icon-box-title\">\n                        Nosotros                    <\/h1>\n                                        <p class=\"elementor-icon-box-description\">M\u00e1s de 13 a\u00f1os de experiencia, ofreciendo carnes y mariscos frescos, reci\u00e9n llegados de los mataderos y lonjas cercanos.<\/p>\n\n                                    <\/div>\n            <\/div>\n\n        <\/div>\n\n\t\t\t\t<\/div>\n\t\t\t\t<\/div>\n\t\t\t\t\t\t<\/div>\n\t\t\t\t\t<\/div>\n\t\t<\/div>\n\t\t\t\t\t\t\t\t<\/div>\n\t\t\t\t\t<\/div>\n\t\t<\/header>\n\t\t\t\t<div class=\"elementor-section elementor-top-section elementor-element elementor-element-6502c5f7 elementor-reverse-tablet elementor-reverse-mobile elementor-section-boxed elementor-section-height-default elementor-section-height-default\" data-id=\"6502c5f7\" data-element_type=\"section\">\n\t\t\t\t\t\t<div class=\"elementor-container elementor-column-gap-default\">\n\t\t\t\t\t\t\t<div class=\"elementor-row\">\n\t\t\t\t\t<div class=\"elementor-column elementor-col-100 elementor-top-column elementor-element elementor-element-537136ac\" data-id=\"537136ac\" data-element_type=\"column\">\n\t\t\t<div class=\"elementor-column-wrap elementor-element-populated\">\n\t\t\t\t\t\t\t<div class=\"elementor-widget-wrap\">\n\t\t\t\t\t\t<div class=\"elementor-element elementor-element-39eca12b elementor-view-default elementor-position-top elementor-widget elementor-widget-themo-header\" data-id=\"39eca12b\" data-element_type=\"widget\" data-widget_type=\"themo-header.default\">\n\t\t\t\t<div class=\"elementor-widget-container\">\n\t\t\t\t\t<div class=\"th-header-wrap\">\n        <div class=\"elementor-icon-box-wrapper\">\n                            <div class=\"elementor-icon-box-content\">\n                    <h2 class=\"elementor-icon-box-title\">\n                        Ven a Comer a <span>Carnota<\/span>                    <\/h2>\n                                            <span class=\"th-header-divider\"><\/span>\n                                        <p class=\"elementor-icon-box-description\">O Cuberto cuenta con m\u00e1s de 13 a\u00f1os de experiencia, en los cuales hemos ofrecido a nuestros comensales la mayor calidad gastron\u00f3mica de la zona, a trav\u00e9s de carnes y mariscos frescos, reci\u00e9n llegados de los mataderos y lonjas cercanos a nuestra ubicaci\u00f3n.\n\nContamos con un comedor, dos terrazas cubiertas, terraza exterior y aparcamiento. Si buscas un restaurante para comer en Carnota, ven a nuestro restaurante ubicado junto a la Playa de Carnota.<\/p>\n\n                                    <\/div>\n            <\/div>\n\n        <\/div>\n\n\t\t\t\t<\/div>\n\t\t\t\t<\/div>\n\t\t\t\t\t\t<\/div>\n\t\t\t\t\t<\/div>\n\t\t<\/div>\n\t\t\t\t\t\t\t\t<\/div>\n\t\t\t\t\t<\/div>\n\t\t<\/div>\n\t\t\t\t<div class=\"elementor-section elementor-top-section elementor-element elementor-element-2b66c226 elementor-section-boxed elementor-section-height-default elementor-section-height-default\" data-id=\"2b66c226\" data-element_type=\"section\" data-settings=\"{&quot;background_background&quot;:&quot;classic&quot;}\">\n\t\t\t\t\t\t<div class=\"elementor-container elementor-column-gap-default\">\n\t\t\t\t\t\t\t<div class=\"elementor-row\">\n\t\t\t\t\t<div class=\"elementor-column elementor-col-100 elementor-top-column elementor-element elementor-element-63309dcb\" data-id=\"63309dcb\" data-element_type=\"column\">\n\t\t\t<div class=\"elementor-column-wrap elementor-element-populated\">\n\t\t\t\t\t\t\t<div class=\"elementor-widget-wrap\">\n\t\t\t\t\t\t<section class=\"elementor-section elementor-inner-section elementor-element elementor-element-21bc60a elementor-section-boxed elementor-section-height-default elementor-section-height-default\" data-id=\"21bc60a\" data-element_type=\"section\">\n\t\t\t\t\t\t<div class=\"elementor-container elementor-column-gap-default\">\n\t\t\t\t\t\t\t<div class=\"elementor-row\">\n\t\t\t\t\t<div class=\"elementor-column elementor-col-50 elementor-inner-column elementor-element elementor-element-9351949\" data-id=\"9351949\" data-element_type=\"column\">\n\t\t\t<div class=\"elementor-column-wrap elementor-element-populated\">\n\t\t\t\t\t\t\t<div class=\"elementor-widget-wrap\">\n\t\t\t\t\t\t<div class=\"elementor-element elementor-element-77072a6c elementor-view-default elementor-position-top elementor-widget elementor-widget-themo-header\" data-id=\"77072a6c\" data-element_type=\"widget\" data-widget_type=\"themo-header.default\">\n\t\t\t\t<div class=\"elementor-widget-container\">\n\t\t\t\t\t<div class=\"th-header-wrap\">\n        <div class=\"elementor-icon-box-wrapper\">\n                            <div class=\"elementor-icon-box-content\">\n                    <h2 class=\"elementor-icon-box-title\">\n                        Nuestra <span>galer\u00eda<\/span>                    <\/h2>\n                                        <p class=\"elementor-icon-box-description\"><\/p>\n\n                                    <\/div>\n            <\/div>\n\n        <\/div>\n\n\t\t\t\t<\/div>\n\t\t\t\t<\/div>\n\t\t\t\t\t\t<\/div>\n\t\t\t\t\t<\/div>\n\t\t<\/div>\n\t\t\t\t<div class=\"elementor-column elementor-col-50 elementor-inner-column elementor-element elementor-element-27b68e5\" data-id=\"27b68e5\" data-element_type=\"column\">\n\t\t\t<div class=\"elementor-column-wrap elementor-element-populated\">\n\t\t\t\t\t\t\t<div class=\"elementor-widget-wrap\">\n\t\t\t\t\t\t<div class=\"elementor-element elementor-element-bd6bb87 elementor-widget elementor-widget-text-editor\" data-id=\"bd6bb87\" data-element_type=\"widget\" data-widget_type=\"text-editor.default\">\n\t\t\t\t<div class=\"elementor-widget-container\">\n\t\t\t<style>\/*! elementor - v3.16.0 - 14-09-2023 *\/\n.elementor-widget-text-editor.elementor-drop-cap-view-stacked .elementor-drop-cap{background-color:#69727d;color:#fff}.elementor-widget-text-editor.elementor-drop-cap-view-framed .elementor-drop-cap{color:#69727d;border:3px solid;background-color:transparent}.elementor-widget-text-editor:not(.elementor-drop-cap-view-default) .elementor-drop-cap{margin-top:8px}.elementor-widget-text-editor:not(.elementor-drop-cap-view-default) .elementor-drop-cap-letter{width:1em;height:1em}.elementor-widget-text-editor .elementor-drop-cap{float:left;text-align:center;line-height:1;font-size:50px}.elementor-widget-text-editor .elementor-drop-cap-letter{display:inline-block}<\/style>\t\t\t\t\t<div class=\"elementor-text-editor elementor-clearfix\">\n\t\t\t\t\t\t\t\t\t<\/div>\n\t\t\t\t\t\t<\/div>\n\t\t\t\t<\/div>\n\t\t\t\t\t\t<\/div>\n\t\t\t\t\t<\/div>\n\t\t<\/div>\n\t\t\t\t\t\t\t\t<\/div>\n\t\t\t\t\t<\/div>\n\t\t<\/section>\n\t\t\t\t<div class=\"elementor-element elementor-element-a4e5144 elementor-widget elementor-widget-themo-image-gallery\" data-id=\"a4e5144\" data-element_type=\"widget\" data-widget_type=\"themo-image-gallery.default\">\n\t\t\t\t<div class=\"elementor-widget-container\">\n\t\t\t\t\t<div class=\"elementor-image-gallery th-image-stretch\">\n\t\t\t<div class=\"gallery gallery-1589-1\"><div class=\"row gallery-row\"><div class=\"col-sm-3 col-lg-3\"><a data-toggle=\"lightbox\" data-gallery=\"multiimages\" data-title=\"Donde comer en Carnota\"  class=\"thumbnail img-thumbnail\" href='https:\/\/ocubertocarnota.com\/wp-content\/uploads\/donde-comer-carnota.jpeg'><img loading=\"lazy\" decoding=\"async\" width=\"605\" height=\"465\" src=\"https:\/\/ocubertocarnota.com\/wp-content\/uploads\/donde-comer-carnota-605x465.jpeg\" class=\"attachment-th_img_md_landscape size-th_img_md_landscape\" alt=\"Donde comer en Carnota\" srcset=\"https:\/\/ocubertocarnota.com\/wp-content\/uploads\/donde-comer-carnota-605x465.jpeg 605w, https:\/\/ocubertocarnota.com\/wp-content\/uploads\/donde-comer-carnota-300x231.jpeg 300w, https:\/\/ocubertocarnota.com\/wp-content\/uploads\/donde-comer-carnota-768x591.jpeg 768w, https:\/\/ocubertocarnota.com\/wp-content\/uploads\/donde-comer-carnota-16x12.jpeg 16w, https:\/\/ocubertocarnota.com\/wp-content\/uploads\/donde-comer-carnota-55x42.jpeg 55w, https:\/\/ocubertocarnota.com\/wp-content\/uploads\/donde-comer-carnota-104x80.jpeg 104w, https:\/\/ocubertocarnota.com\/wp-content\/uploads\/donde-comer-carnota-394x303.jpeg 394w, https:\/\/ocubertocarnota.com\/wp-content\/uploads\/donde-comer-carnota.jpeg 900w\" sizes=\"auto, (max-width: 605px) 100vw, 605px\" \/><\/a><div class=\"gallery-text\"><div class=\"image-title\">donde-comer-carnota<\/div><\/div><\/div><div class=\"col-sm-3 col-lg-3\"><a data-toggle=\"lightbox\" data-gallery=\"multiimages\" data-title=\"Bar en la Costa da Morte\"  class=\"thumbnail img-thumbnail\" href='https:\/\/ocubertocarnota.com\/wp-content\/uploads\/bar-costa-da-morte.jpeg'><img loading=\"lazy\" decoding=\"async\" width=\"605\" height=\"465\" src=\"https:\/\/ocubertocarnota.com\/wp-content\/uploads\/bar-costa-da-morte-605x465.jpeg\" class=\"attachment-th_img_md_landscape size-th_img_md_landscape\" alt=\"Bar en la Costa da Morte\" srcset=\"https:\/\/ocubertocarnota.com\/wp-content\/uploads\/bar-costa-da-morte-605x465.jpeg 605w, https:\/\/ocubertocarnota.com\/wp-content\/uploads\/bar-costa-da-morte-300x231.jpeg 300w, https:\/\/ocubertocarnota.com\/wp-content\/uploads\/bar-costa-da-morte-768x591.jpeg 768w, https:\/\/ocubertocarnota.com\/wp-content\/uploads\/bar-costa-da-morte-16x12.jpeg 16w, https:\/\/ocubertocarnota.com\/wp-content\/uploads\/bar-costa-da-morte-55x42.jpeg 55w, https:\/\/ocubertocarnota.com\/wp-content\/uploads\/bar-costa-da-morte-104x80.jpeg 104w, https:\/\/ocubertocarnota.com\/wp-content\/uploads\/bar-costa-da-morte-394x303.jpeg 394w, https:\/\/ocubertocarnota.com\/wp-content\/uploads\/bar-costa-da-morte.jpeg 900w\" sizes=\"auto, (max-width: 605px) 100vw, 605px\" \/><\/a><div class=\"gallery-text\"><div class=\"image-title\">bar-costa-da-morte<\/div><\/div><\/div><div class=\"col-sm-3 col-lg-3\"><a data-toggle=\"lightbox\" data-gallery=\"multiimages\" data-title=\"Cafeter\u00eda en Carnota\"  class=\"thumbnail img-thumbnail\" href='https:\/\/ocubertocarnota.com\/wp-content\/uploads\/cafeteria-en-carnota.jpeg'><img loading=\"lazy\" decoding=\"async\" width=\"605\" height=\"465\" src=\"https:\/\/ocubertocarnota.com\/wp-content\/uploads\/cafeteria-en-carnota-605x465.jpeg\" class=\"attachment-th_img_md_landscape size-th_img_md_landscape\" alt=\"Cafeter\u00eda en Carnota\" srcset=\"https:\/\/ocubertocarnota.com\/wp-content\/uploads\/cafeteria-en-carnota-605x465.jpeg 605w, https:\/\/ocubertocarnota.com\/wp-content\/uploads\/cafeteria-en-carnota-300x231.jpeg 300w, https:\/\/ocubertocarnota.com\/wp-content\/uploads\/cafeteria-en-carnota-768x591.jpeg 768w, https:\/\/ocubertocarnota.com\/wp-content\/uploads\/cafeteria-en-carnota-16x12.jpeg 16w, https:\/\/ocubertocarnota.com\/wp-content\/uploads\/cafeteria-en-carnota-55x42.jpeg 55w, https:\/\/ocubertocarnota.com\/wp-content\/uploads\/cafeteria-en-carnota-104x80.jpeg 104w, https:\/\/ocubertocarnota.com\/wp-content\/uploads\/cafeteria-en-carnota-394x303.jpeg 394w, https:\/\/ocubertocarnota.com\/wp-content\/uploads\/cafeteria-en-carnota.jpeg 900w\" sizes=\"auto, (max-width: 605px) 100vw, 605px\" \/><\/a><div class=\"gallery-text\"><div class=\"image-title\">cafeteria-en-carnota<\/div><\/div><\/div><div class=\"col-sm-3 col-lg-3\"><a data-toggle=\"lightbox\" data-gallery=\"multiimages\" data-title=\"Restaurante con terraza exterior\"  class=\"thumbnail img-thumbnail\" href='https:\/\/ocubertocarnota.com\/wp-content\/uploads\/restaurante-terraza-exterior.jpeg'><img loading=\"lazy\" decoding=\"async\" width=\"605\" height=\"465\" src=\"https:\/\/ocubertocarnota.com\/wp-content\/uploads\/restaurante-terraza-exterior-605x465.jpeg\" class=\"attachment-th_img_md_landscape size-th_img_md_landscape\" alt=\"Restaurante con terraza exterior\" srcset=\"https:\/\/ocubertocarnota.com\/wp-content\/uploads\/restaurante-terraza-exterior-605x465.jpeg 605w, https:\/\/ocubertocarnota.com\/wp-content\/uploads\/restaurante-terraza-exterior-300x231.jpeg 300w, https:\/\/ocubertocarnota.com\/wp-content\/uploads\/restaurante-terraza-exterior-768x591.jpeg 768w, https:\/\/ocubertocarnota.com\/wp-content\/uploads\/restaurante-terraza-exterior-16x12.jpeg 16w, https:\/\/ocubertocarnota.com\/wp-content\/uploads\/restaurante-terraza-exterior-55x42.jpeg 55w, https:\/\/ocubertocarnota.com\/wp-content\/uploads\/restaurante-terraza-exterior-104x80.jpeg 104w, https:\/\/ocubertocarnota.com\/wp-content\/uploads\/restaurante-terraza-exterior-394x303.jpeg 394w, https:\/\/ocubertocarnota.com\/wp-content\/uploads\/restaurante-terraza-exterior.jpeg 900w\" sizes=\"auto, (max-width: 605px) 100vw, 605px\" \/><\/a><div class=\"gallery-text\"><div class=\"image-title\">restaurante-terraza-exterior<\/div><\/div><\/div><\/div><\/div>\t\t<\/div>\n\t\t\t\t<\/div>\n\t\t\t\t<\/div>\n\t\t\t\t\t\t<\/div>\n\t\t\t\t\t<\/div>\n\t\t<\/div>\n\t\t\t\t\t\t\t\t<\/div>\n\t\t\t\t\t<\/div>\n\t\t<\/div>\n\t\t\t\t\t\t\t\t\t<\/div>\n\t\t\t<\/div>\n\t\t\t\t\t<\/div>","protected":false},"excerpt":{"rendered":"<p>Nosotros M\u00e1s de 13 a\u00f1os de experiencia, ofreciendo carnes y mariscos frescos, reci\u00e9n llegados de los mataderos y lonjas cercanos. Ven a Comer a Carnota O Cuberto cuenta con m\u00e1s de 13 a\u00f1os de experiencia, en los cuales hemos ofrecido &hellip; <a href=\"https:\/\/ocubertocarnota.com\/en\/nosotros\/\">Read More<\/a><\/p>","protected":false},"author":1,"featured_media":0,"parent":0,"menu_order":3,"comment_status":"closed","ping_status":"closed","template":"","meta":{"footnotes":""},"class_list":["post-1589","page","type-page","status-publish","hentry"],"yoast_head":"<!-- This site is optimized with the Yoast SEO plugin v25.9 - https:\/\/yoast.com\/wordpress\/plugins\/seo\/ -->\n<title>Nosotros | O Cuberto Carnota<\/title>\n<meta name=\"description\" content=\"M\u00e1s de 13 a\u00f1os de experiencia, ofreciendo carnes y mariscos frescos, reci\u00e9n llegados de los mataderos y lonjas cercanos.\" \/>\n<meta name=\"robots\" content=\"index, follow, max-snippet:-1, max-image-preview:large, max-video-preview:-1\" \/>\n<link rel=\"canonical\" href=\"https:\/\/ocubertocarnota.com\/en\/nosotros\/\" \/>\n<meta property=\"og:locale\" content=\"en_US\" \/>\n<meta property=\"og:type\" content=\"article\" \/>\n<meta property=\"og:title\" content=\"Nosotros | O Cuberto Carnota\" \/>\n<meta property=\"og:description\" content=\"M\u00e1s de 13 a\u00f1os de experiencia, ofreciendo carnes y mariscos frescos, reci\u00e9n llegados de los mataderos y lonjas cercanos.\" \/>\n<meta property=\"og:url\" content=\"https:\/\/ocubertocarnota.com\/en\/nosotros\/\" \/>\n<meta property=\"og:site_name\" content=\"O Cuberto Carnota\" \/>\n<meta property=\"article:publisher\" content=\"https:\/\/www.facebook.com\/ocuberto\" \/>\n<meta property=\"article:modified_time\" content=\"2023-08-10T10:00:19+00:00\" \/>\n<meta property=\"og:image\" content=\"https:\/\/ocubertocarnota.com\/wp-content\/uploads\/bar-costa-da-morte-605x465.jpeg\" \/>\n<meta name=\"twitter:card\" content=\"summary_large_image\" \/>\n<meta name=\"twitter:label1\" content=\"Est. reading time\" \/>\n\t<meta name=\"twitter:data1\" content=\"2 minutes\" \/>\n<script type=\"application\/ld+json\" class=\"yoast-schema-graph\">{\"@context\":\"https:\/\/schema.org\",\"@graph\":[{\"@type\":\"WebPage\",\"@id\":\"https:\/\/ocubertocarnota.com\/nosotros\/\",\"url\":\"https:\/\/ocubertocarnota.com\/nosotros\/\",\"name\":\"Nosotros | O Cuberto Carnota\",\"isPartOf\":{\"@id\":\"https:\/\/ocubertocarnota.com\/#website\"},\"primaryImageOfPage\":{\"@id\":\"https:\/\/ocubertocarnota.com\/nosotros\/#primaryimage\"},\"image\":{\"@id\":\"https:\/\/ocubertocarnota.com\/nosotros\/#primaryimage\"},\"thumbnailUrl\":\"https:\/\/ocubertocarnota.com\/wp-content\/uploads\/bar-costa-da-morte-605x465.jpeg\",\"datePublished\":\"2023-08-10T09:43:45+00:00\",\"dateModified\":\"2023-08-10T10:00:19+00:00\",\"description\":\"M\u00e1s de 13 a\u00f1os de experiencia, ofreciendo carnes y mariscos frescos, reci\u00e9n llegados de los mataderos y lonjas cercanos.\",\"breadcrumb\":{\"@id\":\"https:\/\/ocubertocarnota.com\/nosotros\/#breadcrumb\"},\"inLanguage\":\"en-US\",\"potentialAction\":[{\"@type\":\"ReadAction\",\"target\":[\"https:\/\/ocubertocarnota.com\/nosotros\/\"]}]},{\"@type\":\"ImageObject\",\"inLanguage\":\"en-US\",\"@id\":\"https:\/\/ocubertocarnota.com\/nosotros\/#primaryimage\",\"url\":\"https:\/\/ocubertocarnota.com\/wp-content\/uploads\/bar-costa-da-morte-605x465.jpeg\",\"contentUrl\":\"https:\/\/ocubertocarnota.com\/wp-content\/uploads\/bar-costa-da-morte-605x465.jpeg\"},{\"@type\":\"BreadcrumbList\",\"@id\":\"https:\/\/ocubertocarnota.com\/nosotros\/#breadcrumb\",\"itemListElement\":[{\"@type\":\"ListItem\",\"position\":1,\"name\":\"Portada\",\"item\":\"https:\/\/ocubertocarnota.com\/\"},{\"@type\":\"ListItem\",\"position\":2,\"name\":\"Nosotros\"}]},{\"@type\":\"WebSite\",\"@id\":\"https:\/\/ocubertocarnota.com\/#website\",\"url\":\"https:\/\/ocubertocarnota.com\/\",\"name\":\"O Cuberto Carnota\",\"description\":\"Ven a comer a un espacio natural localizado junto a las marismas y playa de Carnota, una de las mejores ubicaciones de la Costa da Morte.\",\"publisher\":{\"@id\":\"https:\/\/ocubertocarnota.com\/#organization\"},\"potentialAction\":[{\"@type\":\"SearchAction\",\"target\":{\"@type\":\"EntryPoint\",\"urlTemplate\":\"https:\/\/ocubertocarnota.com\/?s={search_term_string}\"},\"query-input\":{\"@type\":\"PropertyValueSpecification\",\"valueRequired\":true,\"valueName\":\"search_term_string\"}}],\"inLanguage\":\"en-US\"},{\"@type\":\"Organization\",\"@id\":\"https:\/\/ocubertocarnota.com\/#organization\",\"name\":\"O Cuberto Carnota\",\"alternateName\":\"O Cuberto\",\"url\":\"https:\/\/ocubertocarnota.com\/\",\"logo\":{\"@type\":\"ImageObject\",\"inLanguage\":\"en-US\",\"@id\":\"https:\/\/ocubertocarnota.com\/#\/schema\/logo\/image\/\",\"url\":\"https:\/\/ocubertocarnota.com\/wp-content\/uploads\/logo-cuberto.jpg\",\"contentUrl\":\"https:\/\/ocubertocarnota.com\/wp-content\/uploads\/logo-cuberto.jpg\",\"width\":170,\"height\":170,\"caption\":\"O Cuberto Carnota\"},\"image\":{\"@id\":\"https:\/\/ocubertocarnota.com\/#\/schema\/logo\/image\/\"},\"sameAs\":[\"https:\/\/www.facebook.com\/ocuberto\",\"https:\/\/www.instagram.com\/ocuberto\/\"]}]}<\/script>\n<!-- \/ Yoast SEO plugin. -->","yoast_head_json":{"title":"Nosotros | O Cuberto Carnota","description":"M\u00e1s de 13 a\u00f1os de experiencia, ofreciendo carnes y mariscos frescos, reci\u00e9n llegados de los mataderos y lonjas cercanos.","robots":{"index":"index","follow":"follow","max-snippet":"max-snippet:-1","max-image-preview":"max-image-preview:large","max-video-preview":"max-video-preview:-1"},"canonical":"https:\/\/ocubertocarnota.com\/en\/nosotros\/","og_locale":"en_US","og_type":"article","og_title":"Nosotros | O Cuberto Carnota","og_description":"M\u00e1s de 13 a\u00f1os de experiencia, ofreciendo carnes y mariscos frescos, reci\u00e9n llegados de los mataderos y lonjas cercanos.","og_url":"https:\/\/ocubertocarnota.com\/en\/nosotros\/","og_site_name":"O Cuberto Carnota","article_publisher":"https:\/\/www.facebook.com\/ocuberto","article_modified_time":"2023-08-10T10:00:19+00:00","og_image":[{"url":"https:\/\/ocubertocarnota.com\/wp-content\/uploads\/bar-costa-da-morte-605x465.jpeg","type":"","width":"","height":""}],"twitter_card":"summary_large_image","twitter_misc":{"Est. reading time":"2 minutes"},"schema":{"@context":"https:\/\/schema.org","@graph":[{"@type":"WebPage","@id":"https:\/\/ocubertocarnota.com\/nosotros\/","url":"https:\/\/ocubertocarnota.com\/nosotros\/","name":"Nosotros | O Cuberto Carnota","isPartOf":{"@id":"https:\/\/ocubertocarnota.com\/#website"},"primaryImageOfPage":{"@id":"https:\/\/ocubertocarnota.com\/nosotros\/#primaryimage"},"image":{"@id":"https:\/\/ocubertocarnota.com\/nosotros\/#primaryimage"},"thumbnailUrl":"https:\/\/ocubertocarnota.com\/wp-content\/uploads\/bar-costa-da-morte-605x465.jpeg","datePublished":"2023-08-10T09:43:45+00:00","dateModified":"2023-08-10T10:00:19+00:00","description":"M\u00e1s de 13 a\u00f1os de experiencia, ofreciendo carnes y mariscos frescos, reci\u00e9n llegados de los mataderos y lonjas cercanos.","breadcrumb":{"@id":"https:\/\/ocubertocarnota.com\/nosotros\/#breadcrumb"},"inLanguage":"en-US","potentialAction":[{"@type":"ReadAction","target":["https:\/\/ocubertocarnota.com\/nosotros\/"]}]},{"@type":"ImageObject","inLanguage":"en-US","@id":"https:\/\/ocubertocarnota.com\/nosotros\/#primaryimage","url":"https:\/\/ocubertocarnota.com\/wp-content\/uploads\/bar-costa-da-morte-605x465.jpeg","contentUrl":"https:\/\/ocubertocarnota.com\/wp-content\/uploads\/bar-costa-da-morte-605x465.jpeg"},{"@type":"BreadcrumbList","@id":"https:\/\/ocubertocarnota.com\/nosotros\/#breadcrumb","itemListElement":[{"@type":"ListItem","position":1,"name":"Portada","item":"https:\/\/ocubertocarnota.com\/"},{"@type":"ListItem","position":2,"name":"Nosotros"}]},{"@type":"WebSite","@id":"https:\/\/ocubertocarnota.com\/#website","url":"https:\/\/ocubertocarnota.com\/","name":"O Cuberto Carnota","description":"Ven a comer a un espacio natural localizado junto a las marismas y playa de Carnota, una de las mejores ubicaciones de la Costa da Morte.","publisher":{"@id":"https:\/\/ocubertocarnota.com\/#organization"},"potentialAction":[{"@type":"SearchAction","target":{"@type":"EntryPoint","urlTemplate":"https:\/\/ocubertocarnota.com\/?s={search_term_string}"},"query-input":{"@type":"PropertyValueSpecification","valueRequired":true,"valueName":"search_term_string"}}],"inLanguage":"en-US"},{"@type":"Organization","@id":"https:\/\/ocubertocarnota.com\/#organization","name":"O Cuberto Carnota","alternateName":"O Cuberto","url":"https:\/\/ocubertocarnota.com\/","logo":{"@type":"ImageObject","inLanguage":"en-US","@id":"https:\/\/ocubertocarnota.com\/#\/schema\/logo\/image\/","url":"https:\/\/ocubertocarnota.com\/wp-content\/uploads\/logo-cuberto.jpg","contentUrl":"https:\/\/ocubertocarnota.com\/wp-content\/uploads\/logo-cuberto.jpg","width":170,"height":170,"caption":"O Cuberto Carnota"},"image":{"@id":"https:\/\/ocubertocarnota.com\/#\/schema\/logo\/image\/"},"sameAs":["https:\/\/www.facebook.com\/ocuberto","https:\/\/www.instagram.com\/ocuberto\/"]}]}},"_links":{"self":[{"href":"https:\/\/ocubertocarnota.com\/en\/wp-json\/wp\/v2\/pages\/1589","targetHints":{"allow":["GET"]}}],"collection":[{"href":"https:\/\/ocubertocarnota.com\/en\/wp-json\/wp\/v2\/pages"}],"about":[{"href":"https:\/\/ocubertocarnota.com\/en\/wp-json\/wp\/v2\/types\/page"}],"author":[{"embeddable":true,"href":"https:\/\/ocubertocarnota.com\/en\/wp-json\/wp\/v2\/users\/1"}],"replies":[{"embeddable":true,"href":"https:\/\/ocubertocarnota.com\/en\/wp-json\/wp\/v2\/comments?post=1589"}],"version-history":[{"count":26,"href":"https:\/\/ocubertocarnota.com\/en\/wp-json\/wp\/v2\/pages\/1589\/revisions"}],"predecessor-version":[{"id":1619,"href":"https:\/\/ocubertocarnota.com\/en\/wp-json\/wp\/v2\/pages\/1589\/revisions\/1619"}],"wp:attachment":[{"href":"https:\/\/ocubertocarnota.com\/en\/wp-json\/wp\/v2\/media?parent=1589"}],"curies":[{"name":"wp","href":"https:\/\/api.w.org\/{rel}","templated":true}]}}