{"id":399,"date":"2023-04-08T16:46:03","date_gmt":"2023-04-08T15:46:03","guid":{"rendered":"https:\/\/ocubertocarnota.com\/?page_id=399"},"modified":"2023-08-10T10:39:42","modified_gmt":"2023-08-10T09:39:42","slug":"politica-de-cookies","status":"publish","type":"page","link":"https:\/\/ocubertocarnota.com\/en\/politica-de-cookies\/","title":{"rendered":"Pol\u00edtica de Cookies"},"content":{"rendered":"<div data-elementor-type=\"wp-page\" data-elementor-id=\"399\" class=\"elementor elementor-399\">\n\t\t\t\t\t\t<div class=\"elementor-inner\">\n\t\t\t\t<div class=\"elementor-section-wrap\">\n\t\t\t\t\t\t\t\t\t<section class=\"elementor-section elementor-top-section elementor-element elementor-element-59f556a8 elementor-section-height-min-height elementor-section-boxed elementor-section-height-default elementor-section-items-middle\" data-id=\"59f556a8\" data-element_type=\"section\" data-settings=\"{&quot;background_background&quot;:&quot;classic&quot;}\">\n\t\t\t\t\t\t\t<div class=\"elementor-background-overlay\"><\/div>\n\t\t\t\t\t\t\t<div class=\"elementor-container elementor-column-gap-default\">\n\t\t\t\t\t\t\t<div class=\"elementor-row\">\n\t\t\t\t\t<div class=\"elementor-column elementor-col-100 elementor-top-column elementor-element elementor-element-1aaefcda\" data-id=\"1aaefcda\" data-element_type=\"column\">\n\t\t\t<div class=\"elementor-column-wrap elementor-element-populated\">\n\t\t\t\t\t\t\t<div class=\"elementor-widget-wrap\">\n\t\t\t\t\t\t<div class=\"elementor-element elementor-element-d671c64 elementor-widget elementor-widget-spacer\" data-id=\"d671c64\" data-element_type=\"widget\" data-widget_type=\"spacer.default\">\n\t\t\t\t<div class=\"elementor-widget-container\">\n\t\t\t<style>\/*! elementor - v3.16.0 - 14-09-2023 *\/\n.elementor-column .elementor-spacer-inner{height:var(--spacer-size)}.e-con{--container-widget-width:100%}.e-con-inner>.elementor-widget-spacer,.e-con>.elementor-widget-spacer{width:var(--container-widget-width,var(--spacer-size));--align-self:var(--container-widget-align-self,initial);--flex-shrink:0}.e-con-inner>.elementor-widget-spacer>.elementor-widget-container,.e-con>.elementor-widget-spacer>.elementor-widget-container{height:100%;width:100%}.e-con-inner>.elementor-widget-spacer>.elementor-widget-container>.elementor-spacer,.e-con>.elementor-widget-spacer>.elementor-widget-container>.elementor-spacer{height:100%}.e-con-inner>.elementor-widget-spacer>.elementor-widget-container>.elementor-spacer>.elementor-spacer-inner,.e-con>.elementor-widget-spacer>.elementor-widget-container>.elementor-spacer>.elementor-spacer-inner{height:var(--container-widget-height,var(--spacer-size))}.e-con-inner>.elementor-widget-spacer.elementor-widget-empty,.e-con>.elementor-widget-spacer.elementor-widget-empty{position:relative;min-height:22px;min-width:22px}.e-con-inner>.elementor-widget-spacer.elementor-widget-empty .elementor-widget-empty-icon,.e-con>.elementor-widget-spacer.elementor-widget-empty .elementor-widget-empty-icon{position:absolute;top:0;bottom:0;left:0;right:0;margin:auto;padding:0;width:22px;height:22px}<\/style>\t\t<div class=\"elementor-spacer\">\n\t\t\t<div class=\"elementor-spacer-inner\"><\/div>\n\t\t<\/div>\n\t\t\t\t<\/div>\n\t\t\t\t<\/div>\n\t\t\t\t<div class=\"elementor-element elementor-element-5f14d7b elementor-view-default elementor-position-top elementor-widget elementor-widget-themo-header\" data-id=\"5f14d7b\" data-element_type=\"widget\" data-widget_type=\"themo-header.default\">\n\t\t\t\t<div class=\"elementor-widget-container\">\n\t\t\t\t\t<div class=\"th-header-wrap\">\n        <div class=\"elementor-icon-box-wrapper\">\n                            <div class=\"elementor-icon-box-content\">\n                    <h1 class=\"elementor-icon-box-title\">\n                        Pol\u00edtica de Cookies                    <\/h1>\n                                        <p class=\"elementor-icon-box-description\">O Cuberto Carnota<\/p>\n\n                                    <\/div>\n            <\/div>\n\n        <\/div>\n\n\t\t\t\t<\/div>\n\t\t\t\t<\/div>\n\t\t\t\t\t\t<\/div>\n\t\t\t\t\t<\/div>\n\t\t<\/div>\n\t\t\t\t\t\t\t\t<\/div>\n\t\t\t\t\t<\/div>\n\t\t<\/section>\n\t\t\t\t<section class=\"elementor-section elementor-top-section elementor-element elementor-element-1b188d6 elementor-section-boxed elementor-section-height-default elementor-section-height-default\" data-id=\"1b188d6\" data-element_type=\"section\">\n\t\t\t\t\t\t<div class=\"elementor-container elementor-column-gap-default\">\n\t\t\t\t\t\t\t<div class=\"elementor-row\">\n\t\t\t\t\t<div class=\"elementor-column elementor-col-100 elementor-top-column elementor-element elementor-element-4b941df\" data-id=\"4b941df\" data-element_type=\"column\">\n\t\t\t<div class=\"elementor-column-wrap elementor-element-populated\">\n\t\t\t\t\t\t\t<div class=\"elementor-widget-wrap\">\n\t\t\t\t\t\t<div class=\"elementor-element elementor-element-df81ff1 elementor-widget elementor-widget-text-editor\" data-id=\"df81ff1\" data-element_type=\"widget\" data-widget_type=\"text-editor.default\">\n\t\t\t\t<div class=\"elementor-widget-container\">\n\t\t\t<style>\/*! elementor - v3.16.0 - 14-09-2023 *\/\n.elementor-widget-text-editor.elementor-drop-cap-view-stacked .elementor-drop-cap{background-color:#69727d;color:#fff}.elementor-widget-text-editor.elementor-drop-cap-view-framed .elementor-drop-cap{color:#69727d;border:3px solid;background-color:transparent}.elementor-widget-text-editor:not(.elementor-drop-cap-view-default) .elementor-drop-cap{margin-top:8px}.elementor-widget-text-editor:not(.elementor-drop-cap-view-default) .elementor-drop-cap-letter{width:1em;height:1em}.elementor-widget-text-editor .elementor-drop-cap{float:left;text-align:center;line-height:1;font-size:50px}.elementor-widget-text-editor .elementor-drop-cap-letter{display:inline-block}<\/style>\t\t\t\t\t<div class=\"elementor-text-editor elementor-clearfix\">\n\t\t\t\t<!-- wp:paragraph --><!-- \/wp:paragraph --><!-- wp:paragraph -->\n<h3>\u00bfQu\u00e9 son las Cookies?<\/h3>\n<p>Una cookie es un archivo o dispositivo que se descarga en el equipo terminal de un usuario con la finalidad de almacenar datos que podr\u00e1n ser actualizados y recuperados por la entidad responsable de su instalaci\u00f3n. Es decir, es un fichero que se descarga en su ordenador al acceder a determinadas p\u00e1ginas web. Las cookies permiten a una p\u00e1gina web, entre otras cosas, almacenar y recuperar informaci\u00f3n sobre los h\u00e1bitos de navegaci\u00f3n de un usuario o de su equipo y, dependiendo de la informaci\u00f3n que contengan y de la forma en que utilice su equipo, pueden utilizarse para reconocer al usuario.<br \/><br \/>Sus principales funciones son:<\/p>\n<ul>\n<li>Llevar el control de usuarios: cuando un usuario introduce su nombre de usuario y contrase\u00f1a, se almacena una cookie para que no tenga que estar introduci\u00e9ndolas para cada p\u00e1gina del servidor. Sin embargo, una cookie no identifica solo a una persona, sino a una combinaci\u00f3n de computador-navegador-usuario.<\/li>\n<li>Conseguir informaci\u00f3n sobre los h\u00e1bitos de navegaci\u00f3n del usuario, e intentos de spyware (programas esp\u00eda), por parte de agencias de publicidad y otros. Esto puede causar problemas de privacidad y es una de las razones por la que las cookies tienen sus detractores.<\/li>\n<\/ul>\n<p>Existen diferentes tipos de cookies en funci\u00f3n, sobre todo, de la finalidad para la que son utilizadas, as\u00ed se distinguen, entre otras las siguientes:<\/p>\n<ul>\n<li><strong>Cookies de an\u00e1lisis<\/strong>: estas cookies se utilizan para llevar a cabo un an\u00e1lisis de los comportamientos y acciones de los usuarios de la p\u00e1gina web, as\u00ed como para la elaboraci\u00f3n de perfiles de navegaci\u00f3n con el fin de realizar mejoras t\u00e9cnicas de funcionamiento y de servicio.<\/li>\n<li><strong>Cookies publicitarias<\/strong>: permiten una gesti\u00f3n eficiente de espacios publicitarios en base a una serie de criterios, por ejemplo, verificar si el usuario ha tenido ya acceso o no a una noticia para proceder a actualizarla con una otra nueva.<\/li>\n<li><strong>Cookies de publicidad comportamental<\/strong>: estas cookies se encargan de almacenar informaci\u00f3n del propio comportamiento de los usuarios centr\u00e1ndose en sus h\u00e1bitos de navegaci\u00f3n. Esto permite establecer perfiles de usuario en funci\u00f3n de su comportamiento y utilizarlos para personalizar la publicidad presentada.<\/li>\n<\/ul>\n<p>Si el usuario desea obtener m\u00e1s informaci\u00f3n sobre las cookies puede consultar el siguiente sitio web \u00a0<a href=\"http:\/\/www.aboutcookies.org\/\">http:\/\/www.aboutcookies.org\/<\/a>.<\/p>\n<h3>\u00bfQu\u00e9 tipo de cookies utiliza esta p\u00e1gina web?<\/h3>\n<p>La presente p\u00e1gina web est\u00e1 utilizando cookies que permiten facilitar al usuario el uso y la navegaci\u00f3n a trav\u00e9s de la misma, garantizar el acceso a determinados servicios, as\u00ed como mejorar la configuraci\u00f3n funcional de la web.<br \/><br \/>Concretamente, esta p\u00e1gina web utiliza las siguientes cookies:<\/p>\n<p>\u00a0<\/p>\n<table class=\"cookielawinfo-row-cat-table cookielawinfo-classic\">\n<thead>\n<tr>\n<th class=\"cookielawinfo-column-1\">COOKIE<\/th>\n<th class=\"cookielawinfo-column-2\">TIPO<\/th>\n<th class=\"cookielawinfo-column-3\">DURACI\u00d3N<\/th>\n<th class=\"cookielawinfo-column-4\">DESCRIPCI\u00d3N<\/th>\n<\/tr>\n<\/thead>\n<tbody>\n<tr class=\"cookielawinfo-row\">\n<td class=\"cookielawinfo-column-1\">cookielawinfo-checkbox-advertisement<\/td>\n<td class=\"cookielawinfo-column-2\">\u00a0<\/td>\n<td class=\"cookielawinfo-column-3\">1 year<\/td>\n<td class=\"cookielawinfo-column-4\">Set by the GDPR Cookie Consent plugin, this cookie is used to record the user consent for the cookies in the \u00abAdvertisement\u00bb category .<\/td>\n<\/tr>\n<tr class=\"cookielawinfo-row\">\n<td class=\"cookielawinfo-column-1\">cookielawinfo-checkbox-analytics<\/td>\n<td class=\"cookielawinfo-column-2\">\u00a0<\/td>\n<td class=\"cookielawinfo-column-3\">1 year<\/td>\n<td class=\"cookielawinfo-column-4\">Set by the GDPR Cookie Consent plugin, this cookie is used to record the user consent for the cookies in the \u00abAnalytics\u00bb category .<\/td>\n<\/tr>\n<tr class=\"cookielawinfo-row\">\n<td class=\"cookielawinfo-column-1\">cookielawinfo-checkbox-functional<\/td>\n<td class=\"cookielawinfo-column-2\">\u00a0<\/td>\n<td class=\"cookielawinfo-column-3\">1 year<\/td>\n<td class=\"cookielawinfo-column-4\">The cookie is set by the GDPR Cookie Consent plugin to record the user consent for the cookies in the category \u00abFunctional\u00bb.<\/td>\n<\/tr>\n<tr class=\"cookielawinfo-row\">\n<td class=\"cookielawinfo-column-1\">cookielawinfo-checkbox-necessary<\/td>\n<td class=\"cookielawinfo-column-2\">\u00a0<\/td>\n<td class=\"cookielawinfo-column-3\">1 year<\/td>\n<td class=\"cookielawinfo-column-4\">Set by the GDPR Cookie Consent plugin, this cookie is used to record the user consent for the cookies in the \u00abNecessary\u00bb category .<\/td>\n<\/tr>\n<tr class=\"cookielawinfo-row\">\n<td class=\"cookielawinfo-column-1\">cookielawinfo-checkbox-non-necessary<\/td>\n<td class=\"cookielawinfo-column-2\">\u00a0<\/td>\n<td class=\"cookielawinfo-column-3\">1 year<\/td>\n<td class=\"cookielawinfo-column-4\">Set by the GDPR Cookie Consent plugin, this cookie is used to record the user consent for the cookies in the \u00abNon-necessary\u00bb category .<\/td>\n<\/tr>\n<tr class=\"cookielawinfo-row\">\n<td class=\"cookielawinfo-column-1\">cookielawinfo-checkbox-others<\/td>\n<td class=\"cookielawinfo-column-2\">\u00a0<\/td>\n<td class=\"cookielawinfo-column-3\">1 year<\/td>\n<td class=\"cookielawinfo-column-4\">Set by the GDPR Cookie Consent plugin, this cookie is used to store the user consent for cookies in the category \u00abOthers\u00bb.<\/td>\n<\/tr>\n<tr class=\"cookielawinfo-row\">\n<td class=\"cookielawinfo-column-1\">cookielawinfo-checkbox-performance<\/td>\n<td class=\"cookielawinfo-column-2\">\u00a0<\/td>\n<td class=\"cookielawinfo-column-3\">1 year<\/td>\n<td class=\"cookielawinfo-column-4\">Set by the GDPR Cookie Consent plugin, this cookie is used to store the user consent for cookies in the category \u00abPerformance\u00bb.<\/td>\n<\/tr>\n<tr class=\"cookielawinfo-row\">\n<td class=\"cookielawinfo-column-1\">CookieLawInfoConsent<\/td>\n<td class=\"cookielawinfo-column-2\">\u00a0<\/td>\n<td class=\"cookielawinfo-column-3\">1 year<\/td>\n<td class=\"cookielawinfo-column-4\">Records the default button state of the corresponding category &amp; the status of CCPA. It works only in coordination with the primary cookie.<\/td>\n<\/tr>\n<\/tbody>\n<\/table>\n<p>\u00a0<\/p>\n<h3>\u00bfC\u00f3mo gestionar la configuraci\u00f3n de las cookies?<\/h3>\n<p>En el presente apartado se lleva a cabo una breve exposici\u00f3n de c\u00f3mo consultar y llevar a cabo la configuraci\u00f3n del sistema de cookies en relaci\u00f3n a los navegadores m\u00e1s comunes o m\u00e1s utilizados por los usuarios<\/p>\n<p>En este sentido, pr\u00e1cticamente todos los navegadores permiten al usuario obtener informaci\u00f3n general sobre las cookies instaladas en una p\u00e1gina web, concretamente verificar la existencia de las mismas, su duraci\u00f3n o el sistema de eliminaci\u00f3n. En este sentido, a t\u00edtulo informativo, se facilitan una serie de enlaces relacionados:<\/p>\n<ul>\n<li><a href=\"https:\/\/support.google.com\/chrome\/answer\/95647?hl=es\">Google Chrome<\/a><\/li>\n<li><a href=\"https:\/\/support.mozilla.org\/es\/kb\/cookies-informacion-que-los-sitios-web-guardan-en-\">Mozilla Firefox<\/a><\/li>\n<li><a href=\"https:\/\/support.microsoft.com\/es-es\/help\/17442\/windows-internet-explorer-delete-manage-cookies\">Internet Explorer<\/a><\/li>\n<li><a href=\"https:\/\/support.apple.com\/es-es\/guide\/safari\/sfri11471\/mac\">Safari<\/a><\/li>\n<\/ul>\n<p><br \/>Por otra parte, el usuario podr\u00e1 permitir, bloquear o eliminar las cookies instaladas en su equipo modificando la configuraci\u00f3n de su navegador conforme a las instrucciones indicadas en el mismo. A t\u00edtulo informativo se indica que habitualmente la configuraci\u00f3n de las cookies se suele llevar a cabo en el men\u00fa \u201cPreferencias\u201d o \u201cHerramientas\u201d de cada navegador, en cualquier caso, siempre podr\u00e1 acudir a la ayuda de su navegador para solucionar o solventar las dudas que se le generen al respecto.<\/p>\n<p>Conviene tener en cuenta que, si se impide la instalaci\u00f3n de todas las cookies, el contenido de la web as\u00ed como determinadas funcionalidades y servicios facilitados por la misma pueden verse afectados.<\/p>\n<!-- \/wp:paragraph -->\t\t\t\t\t<\/div>\n\t\t\t\t\t\t<\/div>\n\t\t\t\t<\/div>\n\t\t\t\t\t\t<\/div>\n\t\t\t\t\t<\/div>\n\t\t<\/div>\n\t\t\t\t\t\t\t\t<\/div>\n\t\t\t\t\t<\/div>\n\t\t<\/section>\n\t\t\t\t\t\t\t\t\t<\/div>\n\t\t\t<\/div>\n\t\t\t\t\t<\/div>","protected":false},"excerpt":{"rendered":"<p>Pol\u00edtica de Cookies O Cuberto Carnota \u00bfQu\u00e9 son las Cookies? Una cookie es un archivo o dispositivo que se descarga en el equipo terminal de un usuario con la finalidad de almacenar datos que podr\u00e1n ser actualizados y recuperados por &hellip; <a href=\"https:\/\/ocubertocarnota.com\/en\/politica-de-cookies\/\">Read More<\/a><\/p>","protected":false},"author":1,"featured_media":0,"parent":0,"menu_order":4,"comment_status":"closed","ping_status":"closed","template":"","meta":{"footnotes":""},"class_list":["post-399","page","type-page","status-publish","hentry"],"yoast_head":"<!-- This site is optimized with the Yoast SEO plugin v25.9 - https:\/\/yoast.com\/wordpress\/plugins\/seo\/ -->\n<title>Pol\u00edtica de Cookies | O Cuberto Carnota<\/title>\n<meta name=\"robots\" content=\"noindex, follow\" \/>\n<meta property=\"og:locale\" content=\"en_US\" \/>\n<meta property=\"og:type\" content=\"article\" \/>\n<meta property=\"og:title\" content=\"Pol\u00edtica de Cookies | O Cuberto Carnota\" \/>\n<meta property=\"og:description\" content=\"Pol\u00edtica de Cookies O Cuberto Carnota \u00bfQu\u00e9 son las Cookies? Una cookie es un archivo o dispositivo que se descarga en el equipo terminal de un usuario con la finalidad de almacenar datos que podr\u00e1n ser actualizados y recuperados por &hellip; Read More\" \/>\n<meta property=\"og:url\" content=\"https:\/\/ocubertocarnota.com\/en\/politica-de-cookies\/\" \/>\n<meta property=\"og:site_name\" content=\"O Cuberto Carnota\" \/>\n<meta property=\"article:publisher\" content=\"https:\/\/www.facebook.com\/ocuberto\" \/>\n<meta property=\"article:modified_time\" content=\"2023-08-10T09:39:42+00:00\" \/>\n<meta name=\"twitter:card\" content=\"summary_large_image\" \/>\n<meta name=\"twitter:label1\" content=\"Est. reading time\" \/>\n\t<meta name=\"twitter:data1\" content=\"4 minutes\" \/>\n<script type=\"application\/ld+json\" class=\"yoast-schema-graph\">{\"@context\":\"https:\/\/schema.org\",\"@graph\":[{\"@type\":\"WebPage\",\"@id\":\"https:\/\/ocubertocarnota.com\/politica-de-cookies\/\",\"url\":\"https:\/\/ocubertocarnota.com\/politica-de-cookies\/\",\"name\":\"Pol\u00edtica de Cookies | O Cuberto Carnota\",\"isPartOf\":{\"@id\":\"https:\/\/ocubertocarnota.com\/#website\"},\"datePublished\":\"2023-04-08T15:46:03+00:00\",\"dateModified\":\"2023-08-10T09:39:42+00:00\",\"breadcrumb\":{\"@id\":\"https:\/\/ocubertocarnota.com\/politica-de-cookies\/#breadcrumb\"},\"inLanguage\":\"en-US\",\"potentialAction\":[{\"@type\":\"ReadAction\",\"target\":[\"https:\/\/ocubertocarnota.com\/politica-de-cookies\/\"]}]},{\"@type\":\"BreadcrumbList\",\"@id\":\"https:\/\/ocubertocarnota.com\/politica-de-cookies\/#breadcrumb\",\"itemListElement\":[{\"@type\":\"ListItem\",\"position\":1,\"name\":\"Portada\",\"item\":\"https:\/\/ocubertocarnota.com\/\"},{\"@type\":\"ListItem\",\"position\":2,\"name\":\"Pol\u00edtica de Cookies\"}]},{\"@type\":\"WebSite\",\"@id\":\"https:\/\/ocubertocarnota.com\/#website\",\"url\":\"https:\/\/ocubertocarnota.com\/\",\"name\":\"O Cuberto Carnota\",\"description\":\"Ven a comer a un espacio natural localizado junto a las marismas y playa de Carnota, una de las mejores ubicaciones de la Costa da Morte.\",\"publisher\":{\"@id\":\"https:\/\/ocubertocarnota.com\/#organization\"},\"potentialAction\":[{\"@type\":\"SearchAction\",\"target\":{\"@type\":\"EntryPoint\",\"urlTemplate\":\"https:\/\/ocubertocarnota.com\/?s={search_term_string}\"},\"query-input\":{\"@type\":\"PropertyValueSpecification\",\"valueRequired\":true,\"valueName\":\"search_term_string\"}}],\"inLanguage\":\"en-US\"},{\"@type\":\"Organization\",\"@id\":\"https:\/\/ocubertocarnota.com\/#organization\",\"name\":\"O Cuberto Carnota\",\"alternateName\":\"O Cuberto\",\"url\":\"https:\/\/ocubertocarnota.com\/\",\"logo\":{\"@type\":\"ImageObject\",\"inLanguage\":\"en-US\",\"@id\":\"https:\/\/ocubertocarnota.com\/#\/schema\/logo\/image\/\",\"url\":\"https:\/\/ocubertocarnota.com\/wp-content\/uploads\/logo-cuberto.jpg\",\"contentUrl\":\"https:\/\/ocubertocarnota.com\/wp-content\/uploads\/logo-cuberto.jpg\",\"width\":170,\"height\":170,\"caption\":\"O Cuberto Carnota\"},\"image\":{\"@id\":\"https:\/\/ocubertocarnota.com\/#\/schema\/logo\/image\/\"},\"sameAs\":[\"https:\/\/www.facebook.com\/ocuberto\",\"https:\/\/www.instagram.com\/ocuberto\/\"]}]}<\/script>\n<!-- \/ Yoast SEO plugin. -->","yoast_head_json":{"title":"Pol\u00edtica de Cookies | O Cuberto Carnota","robots":{"index":"noindex","follow":"follow"},"og_locale":"en_US","og_type":"article","og_title":"Pol\u00edtica de Cookies | O Cuberto Carnota","og_description":"Pol\u00edtica de Cookies O Cuberto Carnota \u00bfQu\u00e9 son las Cookies? Una cookie es un archivo o dispositivo que se descarga en el equipo terminal de un usuario con la finalidad de almacenar datos que podr\u00e1n ser actualizados y recuperados por &hellip; Read More","og_url":"https:\/\/ocubertocarnota.com\/en\/politica-de-cookies\/","og_site_name":"O Cuberto Carnota","article_publisher":"https:\/\/www.facebook.com\/ocuberto","article_modified_time":"2023-08-10T09:39:42+00:00","twitter_card":"summary_large_image","twitter_misc":{"Est. reading time":"4 minutes"},"schema":{"@context":"https:\/\/schema.org","@graph":[{"@type":"WebPage","@id":"https:\/\/ocubertocarnota.com\/politica-de-cookies\/","url":"https:\/\/ocubertocarnota.com\/politica-de-cookies\/","name":"Pol\u00edtica de Cookies | O Cuberto Carnota","isPartOf":{"@id":"https:\/\/ocubertocarnota.com\/#website"},"datePublished":"2023-04-08T15:46:03+00:00","dateModified":"2023-08-10T09:39:42+00:00","breadcrumb":{"@id":"https:\/\/ocubertocarnota.com\/politica-de-cookies\/#breadcrumb"},"inLanguage":"en-US","potentialAction":[{"@type":"ReadAction","target":["https:\/\/ocubertocarnota.com\/politica-de-cookies\/"]}]},{"@type":"BreadcrumbList","@id":"https:\/\/ocubertocarnota.com\/politica-de-cookies\/#breadcrumb","itemListElement":[{"@type":"ListItem","position":1,"name":"Portada","item":"https:\/\/ocubertocarnota.com\/"},{"@type":"ListItem","position":2,"name":"Pol\u00edtica de Cookies"}]},{"@type":"WebSite","@id":"https:\/\/ocubertocarnota.com\/#website","url":"https:\/\/ocubertocarnota.com\/","name":"O Cuberto Carnota","description":"Ven a comer a un espacio natural localizado junto a las marismas y playa de Carnota, una de las mejores ubicaciones de la Costa da Morte.","publisher":{"@id":"https:\/\/ocubertocarnota.com\/#organization"},"potentialAction":[{"@type":"SearchAction","target":{"@type":"EntryPoint","urlTemplate":"https:\/\/ocubertocarnota.com\/?s={search_term_string}"},"query-input":{"@type":"PropertyValueSpecification","valueRequired":true,"valueName":"search_term_string"}}],"inLanguage":"en-US"},{"@type":"Organization","@id":"https:\/\/ocubertocarnota.com\/#organization","name":"O Cuberto Carnota","alternateName":"O Cuberto","url":"https:\/\/ocubertocarnota.com\/","logo":{"@type":"ImageObject","inLanguage":"en-US","@id":"https:\/\/ocubertocarnota.com\/#\/schema\/logo\/image\/","url":"https:\/\/ocubertocarnota.com\/wp-content\/uploads\/logo-cuberto.jpg","contentUrl":"https:\/\/ocubertocarnota.com\/wp-content\/uploads\/logo-cuberto.jpg","width":170,"height":170,"caption":"O Cuberto Carnota"},"image":{"@id":"https:\/\/ocubertocarnota.com\/#\/schema\/logo\/image\/"},"sameAs":["https:\/\/www.facebook.com\/ocuberto","https:\/\/www.instagram.com\/ocuberto\/"]}]}},"_links":{"self":[{"href":"https:\/\/ocubertocarnota.com\/en\/wp-json\/wp\/v2\/pages\/399","targetHints":{"allow":["GET"]}}],"collection":[{"href":"https:\/\/ocubertocarnota.com\/en\/wp-json\/wp\/v2\/pages"}],"about":[{"href":"https:\/\/ocubertocarnota.com\/en\/wp-json\/wp\/v2\/types\/page"}],"author":[{"embeddable":true,"href":"https:\/\/ocubertocarnota.com\/en\/wp-json\/wp\/v2\/users\/1"}],"replies":[{"embeddable":true,"href":"https:\/\/ocubertocarnota.com\/en\/wp-json\/wp\/v2\/comments?post=399"}],"version-history":[{"count":9,"href":"https:\/\/ocubertocarnota.com\/en\/wp-json\/wp\/v2\/pages\/399\/revisions"}],"predecessor-version":[{"id":1588,"href":"https:\/\/ocubertocarnota.com\/en\/wp-json\/wp\/v2\/pages\/399\/revisions\/1588"}],"wp:attachment":[{"href":"https:\/\/ocubertocarnota.com\/en\/wp-json\/wp\/v2\/media?parent=399"}],"curies":[{"name":"wp","href":"https:\/\/api.w.org\/{rel}","templated":true}]}}